{"id":12,"date":"2020-09-26T03:52:52","date_gmt":"2020-09-26T00:52:52","guid":{"rendered":"http:\/\/www.palosairauskassa.fi\/wordpress\/?page_id=12"},"modified":"2023-09-14T10:19:29","modified_gmt":"2023-09-14T07:19:29","slug":"edustajisto","status":"publish","type":"page","link":"https:\/\/www.palosairauskassa.fi\/?page_id=12","title":{"rendered":"Edustajisto"},"content":{"rendered":"\n<p><strong>Palohenkil\u00f6st\u00f6n sairauskassan edustajisto 2024-2027:<\/strong><\/p>\n\n\n\n<figure class=\"wp-block-table is-style-stripes\"><table><tbody><tr><td><strong>Pelastusalue<\/strong><\/td><td><strong>Edustaja<\/strong><\/td><td><strong>Kotipaikka<\/strong><\/td><\/tr><tr><td>Keski-Uusimaa<\/td><td>Tuominen Kimmo<\/td><td>J\u00e4rvenp\u00e4\u00e4<\/td><\/tr><tr><td>L\u00e4nsi-Uusimaa<\/td><td>P\u00f6ll\u00e4nen Pekka<\/td><td>Kirkkonummi<\/td><\/tr><tr><td>Varsinais-Suomi<\/td><td>Saarinen Timo<\/td><td>Kaarina<\/td><\/tr><tr><td>It\u00e4-Uusimaa<\/td><td>H\u00f6gstr\u00f6m Frank<\/td><td>Porvoo<\/td><\/tr><tr><td>P\u00e4ij\u00e4t-H\u00e4me<\/td><td>Jyr\u00e4 Marko<\/td><td>Lahti<\/td><\/tr><tr><td>L\u00e4nsi-Uusimaa<\/td><td>L\u00f6nnqvist Krister<\/td><td>Espoo<\/td><\/tr><tr><td>Keski-Uusimaa<\/td><td>Kervinen Heikki<\/td><td>Vantaa<\/td><\/tr><tr><td>Keski-Suomi<\/td><td>Korhonen Timo<\/td><td>Jyv\u00e4skyl\u00e4<\/td><\/tr><tr><td>Pohjois-Karjala<\/td><td>Tallus P\u00e4ivi<\/td><td>Lieksa<\/td><\/tr><tr><td>Keski-Uusimaa<\/td><td>Korteniemi Olli<\/td><td>Vantaa<\/td><\/tr><\/tbody><\/table><\/figure>\n","protected":false},"excerpt":{"rendered":"<p>Palohenkil\u00f6st\u00f6n sairauskassan edustajisto 2024-2027: Pelastusalue Edustaja Kotipaikka Keski-Uusimaa Tuominen Kimmo J\u00e4rvenp\u00e4\u00e4 L\u00e4nsi-Uusimaa P\u00f6ll\u00e4nen Pekka Kirkkonummi Varsinais-Suomi Saarinen Timo Kaarina It\u00e4-Uusimaa H\u00f6gstr\u00f6m Frank Porvoo P\u00e4ij\u00e4t-H\u00e4me Jyr\u00e4 Marko Lahti L\u00e4nsi-Uusimaa L\u00f6nnqvist Krister Espoo Keski-Uusimaa Kervinen Heikki Vantaa Keski-Suomi Korhonen Timo Jyv\u00e4skyl\u00e4 Pohjois-Karjala Tallus P\u00e4ivi Lieksa Keski-Uusimaa Korteniemi Olli Vantaa<\/p>\n","protected":false},"author":1,"featured_media":0,"parent":0,"menu_order":0,"comment_status":"closed","ping_status":"closed","template":"","meta":{"footnotes":""},"class_list":["post-12","page","type-page","status-publish","hentry"],"yoast_head":"<!-- This site is optimized with the Yoast SEO plugin v27.6 - https:\/\/yoast.com\/product\/yoast-seo-wordpress\/ -->\n<title>Edustajisto - Pelastusalan Sairauskassa<\/title>\n<meta name=\"robots\" content=\"index, follow, max-snippet:-1, max-image-preview:large, max-video-preview:-1\" \/>\n<link rel=\"canonical\" href=\"https:\/\/www.palosairauskassa.fi\/?page_id=12\" \/>\n<meta property=\"og:locale\" content=\"fi_FI\" \/>\n<meta property=\"og:type\" content=\"article\" \/>\n<meta property=\"og:title\" content=\"Edustajisto - Pelastusalan Sairauskassa\" \/>\n<meta property=\"og:description\" content=\"Palohenkil\u00f6st\u00f6n sairauskassan edustajisto 2024-2027: Pelastusalue Edustaja Kotipaikka Keski-Uusimaa Tuominen Kimmo J\u00e4rvenp\u00e4\u00e4 L\u00e4nsi-Uusimaa P\u00f6ll\u00e4nen Pekka Kirkkonummi Varsinais-Suomi Saarinen Timo Kaarina It\u00e4-Uusimaa H\u00f6gstr\u00f6m Frank Porvoo P\u00e4ij\u00e4t-H\u00e4me Jyr\u00e4 Marko Lahti L\u00e4nsi-Uusimaa L\u00f6nnqvist Krister Espoo Keski-Uusimaa Kervinen Heikki Vantaa Keski-Suomi Korhonen Timo Jyv\u00e4skyl\u00e4 Pohjois-Karjala Tallus P\u00e4ivi Lieksa Keski-Uusimaa Korteniemi Olli Vantaa\" \/>\n<meta property=\"og:url\" content=\"https:\/\/www.palosairauskassa.fi\/?page_id=12\" \/>\n<meta property=\"og:site_name\" content=\"Pelastusalan Sairauskassa\" \/>\n<meta property=\"article:modified_time\" content=\"2023-09-14T07:19:29+00:00\" \/>\n<meta name=\"twitter:card\" content=\"summary_large_image\" \/>\n<meta name=\"twitter:label1\" content=\"Arvioitu lukuaika\" \/>\n\t<meta name=\"twitter:data1\" content=\"1 minuutti\" \/>\n<script type=\"application\/ld+json\" class=\"yoast-schema-graph\">{\"@context\":\"https:\\\/\\\/schema.org\",\"@graph\":[{\"@type\":\"WebPage\",\"@id\":\"https:\\\/\\\/www.palosairauskassa.fi\\\/?page_id=12\",\"url\":\"https:\\\/\\\/www.palosairauskassa.fi\\\/?page_id=12\",\"name\":\"Edustajisto - Pelastusalan Sairauskassa\",\"isPartOf\":{\"@id\":\"https:\\\/\\\/www.palosairauskassa.fi\\\/#website\"},\"datePublished\":\"2020-09-26T00:52:52+00:00\",\"dateModified\":\"2023-09-14T07:19:29+00:00\",\"breadcrumb\":{\"@id\":\"https:\\\/\\\/www.palosairauskassa.fi\\\/?page_id=12#breadcrumb\"},\"inLanguage\":\"fi\",\"potentialAction\":[{\"@type\":\"ReadAction\",\"target\":[\"https:\\\/\\\/www.palosairauskassa.fi\\\/?page_id=12\"]}]},{\"@type\":\"BreadcrumbList\",\"@id\":\"https:\\\/\\\/www.palosairauskassa.fi\\\/?page_id=12#breadcrumb\",\"itemListElement\":[{\"@type\":\"ListItem\",\"position\":1,\"name\":\"Etusivu\",\"item\":\"https:\\\/\\\/www.palosairauskassa.fi\\\/\"},{\"@type\":\"ListItem\",\"position\":2,\"name\":\"Edustajisto\"}]},{\"@type\":\"WebSite\",\"@id\":\"https:\\\/\\\/www.palosairauskassa.fi\\\/#website\",\"url\":\"https:\\\/\\\/www.palosairauskassa.fi\\\/\",\"name\":\"Pelastusalan Sairauskassa\",\"description\":\"Mahdollisuus hyv\u00e4\u00e4n terveydenhoitoon\",\"publisher\":{\"@id\":\"https:\\\/\\\/www.palosairauskassa.fi\\\/#organization\"},\"potentialAction\":[{\"@type\":\"SearchAction\",\"target\":{\"@type\":\"EntryPoint\",\"urlTemplate\":\"https:\\\/\\\/www.palosairauskassa.fi\\\/?s={search_term_string}\"},\"query-input\":{\"@type\":\"PropertyValueSpecification\",\"valueRequired\":true,\"valueName\":\"search_term_string\"}}],\"inLanguage\":\"fi\"},{\"@type\":\"Organization\",\"@id\":\"https:\\\/\\\/www.palosairauskassa.fi\\\/#organization\",\"name\":\"Palohenkil\u00f6st\u00f6n sairauskassa\",\"url\":\"https:\\\/\\\/www.palosairauskassa.fi\\\/\",\"logo\":{\"@type\":\"ImageObject\",\"inLanguage\":\"fi\",\"@id\":\"https:\\\/\\\/www.palosairauskassa.fi\\\/#\\\/schema\\\/logo\\\/image\\\/\",\"url\":\"http:\\\/\\\/www.palosairauskassa.fi\\\/wp-content\\\/uploads\\\/2020\\\/10\\\/logo.jpg\",\"contentUrl\":\"http:\\\/\\\/www.palosairauskassa.fi\\\/wp-content\\\/uploads\\\/2020\\\/10\\\/logo.jpg\",\"width\":185,\"height\":141,\"caption\":\"Palohenkil\u00f6st\u00f6n sairauskassa\"},\"image\":{\"@id\":\"https:\\\/\\\/www.palosairauskassa.fi\\\/#\\\/schema\\\/logo\\\/image\\\/\"}}]}<\/script>\n<!-- \/ Yoast SEO plugin. -->","yoast_head_json":{"title":"Edustajisto - Pelastusalan Sairauskassa","robots":{"index":"index","follow":"follow","max-snippet":"max-snippet:-1","max-image-preview":"max-image-preview:large","max-video-preview":"max-video-preview:-1"},"canonical":"https:\/\/www.palosairauskassa.fi\/?page_id=12","og_locale":"fi_FI","og_type":"article","og_title":"Edustajisto - Pelastusalan Sairauskassa","og_description":"Palohenkil\u00f6st\u00f6n sairauskassan edustajisto 2024-2027: Pelastusalue Edustaja Kotipaikka Keski-Uusimaa Tuominen Kimmo J\u00e4rvenp\u00e4\u00e4 L\u00e4nsi-Uusimaa P\u00f6ll\u00e4nen Pekka Kirkkonummi Varsinais-Suomi Saarinen Timo Kaarina It\u00e4-Uusimaa H\u00f6gstr\u00f6m Frank Porvoo P\u00e4ij\u00e4t-H\u00e4me Jyr\u00e4 Marko Lahti L\u00e4nsi-Uusimaa L\u00f6nnqvist Krister Espoo Keski-Uusimaa Kervinen Heikki Vantaa Keski-Suomi Korhonen Timo Jyv\u00e4skyl\u00e4 Pohjois-Karjala Tallus P\u00e4ivi Lieksa Keski-Uusimaa Korteniemi Olli Vantaa","og_url":"https:\/\/www.palosairauskassa.fi\/?page_id=12","og_site_name":"Pelastusalan Sairauskassa","article_modified_time":"2023-09-14T07:19:29+00:00","twitter_card":"summary_large_image","twitter_misc":{"Arvioitu lukuaika":"1 minuutti"},"schema":{"@context":"https:\/\/schema.org","@graph":[{"@type":"WebPage","@id":"https:\/\/www.palosairauskassa.fi\/?page_id=12","url":"https:\/\/www.palosairauskassa.fi\/?page_id=12","name":"Edustajisto - Pelastusalan Sairauskassa","isPartOf":{"@id":"https:\/\/www.palosairauskassa.fi\/#website"},"datePublished":"2020-09-26T00:52:52+00:00","dateModified":"2023-09-14T07:19:29+00:00","breadcrumb":{"@id":"https:\/\/www.palosairauskassa.fi\/?page_id=12#breadcrumb"},"inLanguage":"fi","potentialAction":[{"@type":"ReadAction","target":["https:\/\/www.palosairauskassa.fi\/?page_id=12"]}]},{"@type":"BreadcrumbList","@id":"https:\/\/www.palosairauskassa.fi\/?page_id=12#breadcrumb","itemListElement":[{"@type":"ListItem","position":1,"name":"Etusivu","item":"https:\/\/www.palosairauskassa.fi\/"},{"@type":"ListItem","position":2,"name":"Edustajisto"}]},{"@type":"WebSite","@id":"https:\/\/www.palosairauskassa.fi\/#website","url":"https:\/\/www.palosairauskassa.fi\/","name":"Pelastusalan Sairauskassa","description":"Mahdollisuus hyv\u00e4\u00e4n terveydenhoitoon","publisher":{"@id":"https:\/\/www.palosairauskassa.fi\/#organization"},"potentialAction":[{"@type":"SearchAction","target":{"@type":"EntryPoint","urlTemplate":"https:\/\/www.palosairauskassa.fi\/?s={search_term_string}"},"query-input":{"@type":"PropertyValueSpecification","valueRequired":true,"valueName":"search_term_string"}}],"inLanguage":"fi"},{"@type":"Organization","@id":"https:\/\/www.palosairauskassa.fi\/#organization","name":"Palohenkil\u00f6st\u00f6n sairauskassa","url":"https:\/\/www.palosairauskassa.fi\/","logo":{"@type":"ImageObject","inLanguage":"fi","@id":"https:\/\/www.palosairauskassa.fi\/#\/schema\/logo\/image\/","url":"http:\/\/www.palosairauskassa.fi\/wp-content\/uploads\/2020\/10\/logo.jpg","contentUrl":"http:\/\/www.palosairauskassa.fi\/wp-content\/uploads\/2020\/10\/logo.jpg","width":185,"height":141,"caption":"Palohenkil\u00f6st\u00f6n sairauskassa"},"image":{"@id":"https:\/\/www.palosairauskassa.fi\/#\/schema\/logo\/image\/"}}]}},"_links":{"self":[{"href":"https:\/\/www.palosairauskassa.fi\/index.php?rest_route=\/wp\/v2\/pages\/12","targetHints":{"allow":["GET"]}}],"collection":[{"href":"https:\/\/www.palosairauskassa.fi\/index.php?rest_route=\/wp\/v2\/pages"}],"about":[{"href":"https:\/\/www.palosairauskassa.fi\/index.php?rest_route=\/wp\/v2\/types\/page"}],"author":[{"embeddable":true,"href":"https:\/\/www.palosairauskassa.fi\/index.php?rest_route=\/wp\/v2\/users\/1"}],"replies":[{"embeddable":true,"href":"https:\/\/www.palosairauskassa.fi\/index.php?rest_route=%2Fwp%2Fv2%2Fcomments&post=12"}],"version-history":[{"count":5,"href":"https:\/\/www.palosairauskassa.fi\/index.php?rest_route=\/wp\/v2\/pages\/12\/revisions"}],"predecessor-version":[{"id":147,"href":"https:\/\/www.palosairauskassa.fi\/index.php?rest_route=\/wp\/v2\/pages\/12\/revisions\/147"}],"wp:attachment":[{"href":"https:\/\/www.palosairauskassa.fi\/index.php?rest_route=%2Fwp%2Fv2%2Fmedia&parent=12"}],"curies":[{"name":"wp","href":"https:\/\/api.w.org\/{rel}","templated":true}]}}