{"id":14,"date":"2020-09-26T03:52:52","date_gmt":"2020-09-26T00:52:52","guid":{"rendered":"http:\/\/www.palosairauskassa.fi\/wordpress\/?page_id=14"},"modified":"2024-07-01T14:33:14","modified_gmt":"2024-07-01T11:33:14","slug":"hallitus","status":"publish","type":"page","link":"https:\/\/www.palosairauskassa.fi\/?page_id=14","title":{"rendered":"Hallitus"},"content":{"rendered":"\n<p><strong>Pelastusalan sairauskassan hallitus 2024-2025<\/strong><\/p>\n\n\n\n<figure class=\"wp-block-table is-style-stripes\"><table><tbody><tr><td><strong>Varsinainen j\u00e4sen<\/strong><\/td><td><strong><strong>Henkil\u00f6kohtainen varaj\u00e4sen<\/strong><\/strong><\/td><\/tr><tr><td><strong>Puheenjohtaja<\/strong><\/td><td><\/td><\/tr><tr><td>Niskala Jaakko, Espoo<\/td><td>L\u00f6nnqvist Krister, Espoo<\/td><\/tr><tr><td>jaakko.niskala@pelastustoimi.fi<\/td><td><\/td><\/tr><tr><td><\/td><td><\/td><\/tr><tr><td><strong>Varapuheenjohtaja<\/strong><\/td><td><\/td><\/tr><tr><td>Keituri Marjut, Helsinki<\/td><td>Karhu Pentti, Espoo<\/td><\/tr><tr><td>marjut.keituri@hel.fi<\/td><td>pentti.karhu@espoo.fi<\/td><\/tr><tr><td><\/td><td><\/td><\/tr><tr><td><\/td><td><\/td><\/tr><tr><td>Kallioniemi Jukka, Helsinki<\/td><td>Tuominen Kimmo, J\u00e4rvenp\u00e4\u00e4<\/td><\/tr><tr><td>jukka.kallioniemi@hel.fi<\/td><td>tuominenkk@gmail.com<\/td><\/tr><tr><td><\/td><td><\/td><\/tr><tr><td>Salonen Esa, Riihim\u00e4ki<\/td><td>Siurola Teija, Vantaa<\/td><\/tr><tr><td>es.salonen@pelastustoimi.fi<\/td><td>teija.siurola@luukku.com<\/td><\/tr><\/tbody><\/table><\/figure>\n","protected":false},"excerpt":{"rendered":"<p>Pelastusalan sairauskassan hallitus 2024-2025 Varsinainen j\u00e4sen Henkil\u00f6kohtainen varaj\u00e4sen Puheenjohtaja Niskala Jaakko, Espoo L\u00f6nnqvist Krister, Espoo jaakko.niskala@pelastustoimi.fi Varapuheenjohtaja Keituri Marjut, Helsinki Karhu Pentti, Espoo marjut.keituri@hel.fi pentti.karhu@espoo.fi Kallioniemi Jukka, Helsinki Tuominen Kimmo, J\u00e4rvenp\u00e4\u00e4 jukka.kallioniemi@hel.fi tuominenkk@gmail.com Salonen Esa, Riihim\u00e4ki Siurola Teija, Vantaa es.salonen@pelastustoimi.fi teija.siurola@luukku.com<\/p>\n","protected":false},"author":1,"featured_media":0,"parent":0,"menu_order":0,"comment_status":"closed","ping_status":"closed","template":"","meta":{"footnotes":""},"class_list":["post-14","page","type-page","status-publish","hentry"],"yoast_head":"<!-- This site is optimized with the Yoast SEO plugin v27.6 - https:\/\/yoast.com\/product\/yoast-seo-wordpress\/ -->\n<title>Hallitus - Pelastusalan Sairauskassa<\/title>\n<meta name=\"robots\" content=\"index, follow, max-snippet:-1, max-image-preview:large, max-video-preview:-1\" \/>\n<link rel=\"canonical\" href=\"https:\/\/www.palosairauskassa.fi\/?page_id=14\" \/>\n<meta property=\"og:locale\" content=\"fi_FI\" \/>\n<meta property=\"og:type\" content=\"article\" \/>\n<meta property=\"og:title\" content=\"Hallitus - Pelastusalan Sairauskassa\" \/>\n<meta property=\"og:description\" content=\"Pelastusalan sairauskassan hallitus 2024-2025 Varsinainen j\u00e4sen Henkil\u00f6kohtainen varaj\u00e4sen Puheenjohtaja Niskala Jaakko, Espoo L\u00f6nnqvist Krister, Espoo jaakko.niskala@pelastustoimi.fi Varapuheenjohtaja Keituri Marjut, Helsinki Karhu Pentti, Espoo marjut.keituri@hel.fi pentti.karhu@espoo.fi Kallioniemi Jukka, Helsinki Tuominen Kimmo, J\u00e4rvenp\u00e4\u00e4 jukka.kallioniemi@hel.fi tuominenkk@gmail.com Salonen Esa, Riihim\u00e4ki Siurola Teija, Vantaa es.salonen@pelastustoimi.fi teija.siurola@luukku.com\" \/>\n<meta property=\"og:url\" content=\"https:\/\/www.palosairauskassa.fi\/?page_id=14\" \/>\n<meta property=\"og:site_name\" content=\"Pelastusalan Sairauskassa\" \/>\n<meta property=\"article:modified_time\" content=\"2024-07-01T11:33:14+00:00\" \/>\n<meta name=\"twitter:card\" content=\"summary_large_image\" \/>\n<meta name=\"twitter:label1\" content=\"Arvioitu lukuaika\" \/>\n\t<meta name=\"twitter:data1\" content=\"1 minuutti\" \/>\n<script type=\"application\/ld+json\" class=\"yoast-schema-graph\">{\"@context\":\"https:\\\/\\\/schema.org\",\"@graph\":[{\"@type\":\"WebPage\",\"@id\":\"https:\\\/\\\/www.palosairauskassa.fi\\\/?page_id=14\",\"url\":\"https:\\\/\\\/www.palosairauskassa.fi\\\/?page_id=14\",\"name\":\"Hallitus - Pelastusalan Sairauskassa\",\"isPartOf\":{\"@id\":\"https:\\\/\\\/www.palosairauskassa.fi\\\/#website\"},\"datePublished\":\"2020-09-26T00:52:52+00:00\",\"dateModified\":\"2024-07-01T11:33:14+00:00\",\"breadcrumb\":{\"@id\":\"https:\\\/\\\/www.palosairauskassa.fi\\\/?page_id=14#breadcrumb\"},\"inLanguage\":\"fi\",\"potentialAction\":[{\"@type\":\"ReadAction\",\"target\":[\"https:\\\/\\\/www.palosairauskassa.fi\\\/?page_id=14\"]}]},{\"@type\":\"BreadcrumbList\",\"@id\":\"https:\\\/\\\/www.palosairauskassa.fi\\\/?page_id=14#breadcrumb\",\"itemListElement\":[{\"@type\":\"ListItem\",\"position\":1,\"name\":\"Etusivu\",\"item\":\"https:\\\/\\\/www.palosairauskassa.fi\\\/\"},{\"@type\":\"ListItem\",\"position\":2,\"name\":\"Hallitus\"}]},{\"@type\":\"WebSite\",\"@id\":\"https:\\\/\\\/www.palosairauskassa.fi\\\/#website\",\"url\":\"https:\\\/\\\/www.palosairauskassa.fi\\\/\",\"name\":\"Pelastusalan Sairauskassa\",\"description\":\"Mahdollisuus hyv\u00e4\u00e4n terveydenhoitoon\",\"publisher\":{\"@id\":\"https:\\\/\\\/www.palosairauskassa.fi\\\/#organization\"},\"potentialAction\":[{\"@type\":\"SearchAction\",\"target\":{\"@type\":\"EntryPoint\",\"urlTemplate\":\"https:\\\/\\\/www.palosairauskassa.fi\\\/?s={search_term_string}\"},\"query-input\":{\"@type\":\"PropertyValueSpecification\",\"valueRequired\":true,\"valueName\":\"search_term_string\"}}],\"inLanguage\":\"fi\"},{\"@type\":\"Organization\",\"@id\":\"https:\\\/\\\/www.palosairauskassa.fi\\\/#organization\",\"name\":\"Palohenkil\u00f6st\u00f6n sairauskassa\",\"url\":\"https:\\\/\\\/www.palosairauskassa.fi\\\/\",\"logo\":{\"@type\":\"ImageObject\",\"inLanguage\":\"fi\",\"@id\":\"https:\\\/\\\/www.palosairauskassa.fi\\\/#\\\/schema\\\/logo\\\/image\\\/\",\"url\":\"http:\\\/\\\/www.palosairauskassa.fi\\\/wp-content\\\/uploads\\\/2020\\\/10\\\/logo.jpg\",\"contentUrl\":\"http:\\\/\\\/www.palosairauskassa.fi\\\/wp-content\\\/uploads\\\/2020\\\/10\\\/logo.jpg\",\"width\":185,\"height\":141,\"caption\":\"Palohenkil\u00f6st\u00f6n sairauskassa\"},\"image\":{\"@id\":\"https:\\\/\\\/www.palosairauskassa.fi\\\/#\\\/schema\\\/logo\\\/image\\\/\"}}]}<\/script>\n<!-- \/ Yoast SEO plugin. -->","yoast_head_json":{"title":"Hallitus - Pelastusalan Sairauskassa","robots":{"index":"index","follow":"follow","max-snippet":"max-snippet:-1","max-image-preview":"max-image-preview:large","max-video-preview":"max-video-preview:-1"},"canonical":"https:\/\/www.palosairauskassa.fi\/?page_id=14","og_locale":"fi_FI","og_type":"article","og_title":"Hallitus - Pelastusalan Sairauskassa","og_description":"Pelastusalan sairauskassan hallitus 2024-2025 Varsinainen j\u00e4sen Henkil\u00f6kohtainen varaj\u00e4sen Puheenjohtaja Niskala Jaakko, Espoo L\u00f6nnqvist Krister, Espoo jaakko.niskala@pelastustoimi.fi Varapuheenjohtaja Keituri Marjut, Helsinki Karhu Pentti, Espoo marjut.keituri@hel.fi pentti.karhu@espoo.fi Kallioniemi Jukka, Helsinki Tuominen Kimmo, J\u00e4rvenp\u00e4\u00e4 jukka.kallioniemi@hel.fi tuominenkk@gmail.com Salonen Esa, Riihim\u00e4ki Siurola Teija, Vantaa es.salonen@pelastustoimi.fi teija.siurola@luukku.com","og_url":"https:\/\/www.palosairauskassa.fi\/?page_id=14","og_site_name":"Pelastusalan Sairauskassa","article_modified_time":"2024-07-01T11:33:14+00:00","twitter_card":"summary_large_image","twitter_misc":{"Arvioitu lukuaika":"1 minuutti"},"schema":{"@context":"https:\/\/schema.org","@graph":[{"@type":"WebPage","@id":"https:\/\/www.palosairauskassa.fi\/?page_id=14","url":"https:\/\/www.palosairauskassa.fi\/?page_id=14","name":"Hallitus - Pelastusalan Sairauskassa","isPartOf":{"@id":"https:\/\/www.palosairauskassa.fi\/#website"},"datePublished":"2020-09-26T00:52:52+00:00","dateModified":"2024-07-01T11:33:14+00:00","breadcrumb":{"@id":"https:\/\/www.palosairauskassa.fi\/?page_id=14#breadcrumb"},"inLanguage":"fi","potentialAction":[{"@type":"ReadAction","target":["https:\/\/www.palosairauskassa.fi\/?page_id=14"]}]},{"@type":"BreadcrumbList","@id":"https:\/\/www.palosairauskassa.fi\/?page_id=14#breadcrumb","itemListElement":[{"@type":"ListItem","position":1,"name":"Etusivu","item":"https:\/\/www.palosairauskassa.fi\/"},{"@type":"ListItem","position":2,"name":"Hallitus"}]},{"@type":"WebSite","@id":"https:\/\/www.palosairauskassa.fi\/#website","url":"https:\/\/www.palosairauskassa.fi\/","name":"Pelastusalan Sairauskassa","description":"Mahdollisuus hyv\u00e4\u00e4n terveydenhoitoon","publisher":{"@id":"https:\/\/www.palosairauskassa.fi\/#organization"},"potentialAction":[{"@type":"SearchAction","target":{"@type":"EntryPoint","urlTemplate":"https:\/\/www.palosairauskassa.fi\/?s={search_term_string}"},"query-input":{"@type":"PropertyValueSpecification","valueRequired":true,"valueName":"search_term_string"}}],"inLanguage":"fi"},{"@type":"Organization","@id":"https:\/\/www.palosairauskassa.fi\/#organization","name":"Palohenkil\u00f6st\u00f6n sairauskassa","url":"https:\/\/www.palosairauskassa.fi\/","logo":{"@type":"ImageObject","inLanguage":"fi","@id":"https:\/\/www.palosairauskassa.fi\/#\/schema\/logo\/image\/","url":"http:\/\/www.palosairauskassa.fi\/wp-content\/uploads\/2020\/10\/logo.jpg","contentUrl":"http:\/\/www.palosairauskassa.fi\/wp-content\/uploads\/2020\/10\/logo.jpg","width":185,"height":141,"caption":"Palohenkil\u00f6st\u00f6n sairauskassa"},"image":{"@id":"https:\/\/www.palosairauskassa.fi\/#\/schema\/logo\/image\/"}}]}},"_links":{"self":[{"href":"https:\/\/www.palosairauskassa.fi\/index.php?rest_route=\/wp\/v2\/pages\/14","targetHints":{"allow":["GET"]}}],"collection":[{"href":"https:\/\/www.palosairauskassa.fi\/index.php?rest_route=\/wp\/v2\/pages"}],"about":[{"href":"https:\/\/www.palosairauskassa.fi\/index.php?rest_route=\/wp\/v2\/types\/page"}],"author":[{"embeddable":true,"href":"https:\/\/www.palosairauskassa.fi\/index.php?rest_route=\/wp\/v2\/users\/1"}],"replies":[{"embeddable":true,"href":"https:\/\/www.palosairauskassa.fi\/index.php?rest_route=%2Fwp%2Fv2%2Fcomments&post=14"}],"version-history":[{"count":12,"href":"https:\/\/www.palosairauskassa.fi\/index.php?rest_route=\/wp\/v2\/pages\/14\/revisions"}],"predecessor-version":[{"id":178,"href":"https:\/\/www.palosairauskassa.fi\/index.php?rest_route=\/wp\/v2\/pages\/14\/revisions\/178"}],"wp:attachment":[{"href":"https:\/\/www.palosairauskassa.fi\/index.php?rest_route=%2Fwp%2Fv2%2Fmedia&parent=14"}],"curies":[{"name":"wp","href":"https:\/\/api.w.org\/{rel}","templated":true}]}}