{"id":75,"date":"2020-09-26T06:56:10","date_gmt":"2020-09-26T03:56:10","guid":{"rendered":"http:\/\/www.palosairauskassa.fi\/?page_id=75"},"modified":"2024-07-01T14:23:29","modified_gmt":"2024-07-01T11:23:29","slug":"lisatietoja","status":"publish","type":"page","link":"https:\/\/www.palosairauskassa.fi\/?page_id=75","title":{"rendered":"Lis\u00e4tietoja"},"content":{"rendered":"\n<p><strong>Pelastusalan sairauskassa<br><\/strong>(entinen Palohenkil\u00f6st\u00f6n sairauskassa)<\/p>\n\n\n\n<p>Pelastusalan sairauskassa korvaa j\u00e4senilleen sairauden hoidosta aiheutunei-ta kustannuksia. J\u00e4senyys sairauskassassa tuo taloudellista turvaa sairauden sattuessa. Etuudet ovat saajalleen verottomia.<br>Kassa ei hoida sairausvakuutusasioita, vaan on ns t\u00e4ydennyskassa. Kassan toimintaa valvoo Finanssivalvonta.<br><\/p>\n\n\n\n<p>Kassa on perustettu vuonna 1958, perustajaj\u00e4seni\u00e4 oli 252.<br><\/p>\n\n\n\n<p>Kassa toimii j\u00e4senist\u00f6lt\u00e4\u00e4n ker\u00e4\u00e4mill\u00e4 j\u00e4senmaksuilla.<\/p>\n\n\n\n<hr class=\"wp-block-separator has-alpha-channel-opacity\"\/>\n\n\n\n<p>KUKA VOI OLLA J\u00c4SEN<\/p>\n\n\n\n<ul class=\"wp-block-list\">\n<li>Suomessa toimivien pelastuslaitosten, sopimuspalokuntien ja h\u00e4t\u00e4keskuslaitoksen<br>henkil\u00f6st\u00f6t sek\u00e4 heid\u00e4n perheenj\u00e4senens\u00e4.<\/li>\n\n\n\n<li>Suomen Pelastusalan Keskusj\u00e4rjest\u00f6n sek\u00e4 sis\u00e4asiainministeri\u00f6n pelastusosaston henkil\u00f6st\u00f6t sek\u00e4 heid\u00e4n perheenj\u00e4senens\u00e4.<\/li>\n\n\n\n<li>j\u00e4senyys jatkuu 70-ik\u00e4vuoteen asti<\/li>\n<\/ul>\n\n\n\n<p>KORVAUKSET<\/p>\n\n\n\n<ul class=\"wp-block-list\">\n<li>korvaukset ovat 75 &#8211; 100 %<\/li>\n<\/ul>\n\n\n\n<p>J\u00c4SENMAKSU<\/p>\n\n\n\n<ul class=\"wp-block-list\">\n<li>j\u00e4senmaksu on 27,50 euroa\/kuukaudessa\/henkil\u00f6\/edunsaaja<\/li>\n\n\n\n<li>ei liittymismaksua<\/li>\n<\/ul>\n\n\n\n<p>KUINKA VOI LIITTY\u00c4<\/p>\n\n\n\n<ul class=\"wp-block-list\">\n<li>kassaan voi liitty\u00e4 toimintapiiriin kuuluva terve henkil\u00f6<\/li>\n\n\n\n<li>em henkil\u00f6n lis\u00e4ksi liitty\u00e4 voi ns edunsaajana my\u00f6s terve aviopuoliso ja<br>heid\u00e4n terveet 3-17 vuotiaat lapsensa<\/li>\n<\/ul>\n\n\n\n<hr class=\"wp-block-separator has-alpha-channel-opacity\"\/>\n\n\n\n<p>Julkisen terveydenhuollon asiakasmaksut, jotka kassa korvaa kokonai-suudessaan ovat:<\/p>\n\n\n\n<ul class=\"wp-block-list\">\n<li>terveyskeskusmaksu<\/li>\n\n\n\n<li>poliklinikkamaksu<\/li>\n\n\n\n<li>p\u00e4iv\u00e4kirurgia<\/li>\n\n\n\n<li>sairaalan hoitop\u00e4iv\u00e4maksu<\/li>\n<\/ul>\n\n\n\n<p>Yksityisen terveydenhuoltopalveluiden korvaukset:<\/p>\n\n\n\n<ul class=\"wp-block-list\">\n<li>l\u00e4\u00e4k\u00e4rinpalkkioista 75 % (kun saatu my\u00f6s Kela-korvaus)<\/li>\n\n\n\n<li>l\u00e4\u00e4k\u00e4rin m\u00e4\u00e4r\u00e4\u00e4mist\u00e4 l\u00e4\u00e4kkeist\u00e4 100 % (kun saatu my\u00f6s Kela-korvaus)<\/li>\n<\/ul>\n\n\n\n<hr class=\"wp-block-separator has-alpha-channel-opacity\"\/>\n\n\n\n<p>Hammashoito, matkakustannukset sek\u00e4 fysikaalinen hoito eiv\u00e4t kuulu kassan korvauksen piiriin.<br>Korvausta sairauden aiheuttamista kustannuksista on haettava kuuden kuukauden kuluessa siit\u00e4, kun maksu, josta etuutta haetaan, on suoritettu. Edell\u00e4 mainittuja korvauksia maksetaan kalenterivuoden aikana kuitenkin yhteens\u00e4 enint\u00e4\u00e4n 1600 euroa samalle henkil\u00f6lle. Lis\u00e4tietoja saat soittamalla kassaan.<\/p>\n\n\n\n<p><strong>Yhteystiedot<\/strong><br>Anne Mauno, Suvi Heikkil\u00e4<\/p>\n\n\n\n<p><strong>Puhelin<\/strong><br>040 585 1634<\/p>\n\n\n\n<p><strong>Osoite<\/strong><br>Pelastusalan sairauskassa<br>Kauppakatu 8 B<br>11100 Riihim\u00e4ki<\/p>\n\n\n\n<p><strong>S\u00e4hk\u00f6posti<\/strong><br>palosairauskassa@aarnio.fi<\/p>\n","protected":false},"excerpt":{"rendered":"<p>Pelastusalan sairauskassa(entinen Palohenkil\u00f6st\u00f6n sairauskassa) Pelastusalan sairauskassa korvaa j\u00e4senilleen sairauden hoidosta aiheutunei-ta kustannuksia. J\u00e4senyys sairauskassassa tuo taloudellista turvaa sairauden sattuessa. Etuudet ovat saajalleen verottomia.Kassa ei hoida sairausvakuutusasioita, vaan on ns t\u00e4ydennyskassa. Kassan toimintaa valvoo Finanssivalvonta. Kassa on perustettu vuonna 1958, perustajaj\u00e4seni\u00e4 oli 252. Kassa toimii j\u00e4senist\u00f6lt\u00e4\u00e4n ker\u00e4\u00e4mill\u00e4 j\u00e4senmaksuilla. KUKA VOI OLLA J\u00c4SEN KORVAUKSET J\u00c4SENMAKSU KUINKA VOI [&hellip;]<\/p>\n","protected":false},"author":1,"featured_media":0,"parent":0,"menu_order":0,"comment_status":"closed","ping_status":"closed","template":"","meta":{"footnotes":""},"class_list":["post-75","page","type-page","status-publish","hentry"],"yoast_head":"<!-- This site is optimized with the Yoast SEO plugin v27.6 - https:\/\/yoast.com\/product\/yoast-seo-wordpress\/ -->\n<title>Lis\u00e4tietoja - Pelastusalan Sairauskassa<\/title>\n<meta name=\"robots\" content=\"index, follow, max-snippet:-1, max-image-preview:large, max-video-preview:-1\" \/>\n<link rel=\"canonical\" href=\"https:\/\/www.palosairauskassa.fi\/?page_id=75\" \/>\n<meta property=\"og:locale\" content=\"fi_FI\" \/>\n<meta property=\"og:type\" content=\"article\" \/>\n<meta property=\"og:title\" content=\"Lis\u00e4tietoja - Pelastusalan Sairauskassa\" \/>\n<meta property=\"og:description\" content=\"Pelastusalan sairauskassa(entinen Palohenkil\u00f6st\u00f6n sairauskassa) Pelastusalan sairauskassa korvaa j\u00e4senilleen sairauden hoidosta aiheutunei-ta kustannuksia. J\u00e4senyys sairauskassassa tuo taloudellista turvaa sairauden sattuessa. Etuudet ovat saajalleen verottomia.Kassa ei hoida sairausvakuutusasioita, vaan on ns t\u00e4ydennyskassa. Kassan toimintaa valvoo Finanssivalvonta. Kassa on perustettu vuonna 1958, perustajaj\u00e4seni\u00e4 oli 252. Kassa toimii j\u00e4senist\u00f6lt\u00e4\u00e4n ker\u00e4\u00e4mill\u00e4 j\u00e4senmaksuilla. KUKA VOI OLLA J\u00c4SEN KORVAUKSET J\u00c4SENMAKSU KUINKA VOI [&hellip;]\" \/>\n<meta property=\"og:url\" content=\"https:\/\/www.palosairauskassa.fi\/?page_id=75\" \/>\n<meta property=\"og:site_name\" content=\"Pelastusalan Sairauskassa\" \/>\n<meta property=\"article:modified_time\" content=\"2024-07-01T11:23:29+00:00\" \/>\n<meta name=\"twitter:card\" content=\"summary_large_image\" \/>\n<meta name=\"twitter:label1\" content=\"Arvioitu lukuaika\" \/>\n\t<meta name=\"twitter:data1\" content=\"2 minuuttia\" \/>\n<script type=\"application\/ld+json\" class=\"yoast-schema-graph\">{\"@context\":\"https:\\\/\\\/schema.org\",\"@graph\":[{\"@type\":\"WebPage\",\"@id\":\"https:\\\/\\\/www.palosairauskassa.fi\\\/?page_id=75\",\"url\":\"https:\\\/\\\/www.palosairauskassa.fi\\\/?page_id=75\",\"name\":\"Lis\u00e4tietoja - Pelastusalan Sairauskassa\",\"isPartOf\":{\"@id\":\"https:\\\/\\\/www.palosairauskassa.fi\\\/#website\"},\"datePublished\":\"2020-09-26T03:56:10+00:00\",\"dateModified\":\"2024-07-01T11:23:29+00:00\",\"breadcrumb\":{\"@id\":\"https:\\\/\\\/www.palosairauskassa.fi\\\/?page_id=75#breadcrumb\"},\"inLanguage\":\"fi\",\"potentialAction\":[{\"@type\":\"ReadAction\",\"target\":[\"https:\\\/\\\/www.palosairauskassa.fi\\\/?page_id=75\"]}]},{\"@type\":\"BreadcrumbList\",\"@id\":\"https:\\\/\\\/www.palosairauskassa.fi\\\/?page_id=75#breadcrumb\",\"itemListElement\":[{\"@type\":\"ListItem\",\"position\":1,\"name\":\"Etusivu\",\"item\":\"https:\\\/\\\/www.palosairauskassa.fi\\\/\"},{\"@type\":\"ListItem\",\"position\":2,\"name\":\"Lis\u00e4tietoja\"}]},{\"@type\":\"WebSite\",\"@id\":\"https:\\\/\\\/www.palosairauskassa.fi\\\/#website\",\"url\":\"https:\\\/\\\/www.palosairauskassa.fi\\\/\",\"name\":\"Pelastusalan Sairauskassa\",\"description\":\"Mahdollisuus hyv\u00e4\u00e4n terveydenhoitoon\",\"publisher\":{\"@id\":\"https:\\\/\\\/www.palosairauskassa.fi\\\/#organization\"},\"potentialAction\":[{\"@type\":\"SearchAction\",\"target\":{\"@type\":\"EntryPoint\",\"urlTemplate\":\"https:\\\/\\\/www.palosairauskassa.fi\\\/?s={search_term_string}\"},\"query-input\":{\"@type\":\"PropertyValueSpecification\",\"valueRequired\":true,\"valueName\":\"search_term_string\"}}],\"inLanguage\":\"fi\"},{\"@type\":\"Organization\",\"@id\":\"https:\\\/\\\/www.palosairauskassa.fi\\\/#organization\",\"name\":\"Palohenkil\u00f6st\u00f6n sairauskassa\",\"url\":\"https:\\\/\\\/www.palosairauskassa.fi\\\/\",\"logo\":{\"@type\":\"ImageObject\",\"inLanguage\":\"fi\",\"@id\":\"https:\\\/\\\/www.palosairauskassa.fi\\\/#\\\/schema\\\/logo\\\/image\\\/\",\"url\":\"http:\\\/\\\/www.palosairauskassa.fi\\\/wp-content\\\/uploads\\\/2020\\\/10\\\/logo.jpg\",\"contentUrl\":\"http:\\\/\\\/www.palosairauskassa.fi\\\/wp-content\\\/uploads\\\/2020\\\/10\\\/logo.jpg\",\"width\":185,\"height\":141,\"caption\":\"Palohenkil\u00f6st\u00f6n sairauskassa\"},\"image\":{\"@id\":\"https:\\\/\\\/www.palosairauskassa.fi\\\/#\\\/schema\\\/logo\\\/image\\\/\"}}]}<\/script>\n<!-- \/ Yoast SEO plugin. -->","yoast_head_json":{"title":"Lis\u00e4tietoja - Pelastusalan Sairauskassa","robots":{"index":"index","follow":"follow","max-snippet":"max-snippet:-1","max-image-preview":"max-image-preview:large","max-video-preview":"max-video-preview:-1"},"canonical":"https:\/\/www.palosairauskassa.fi\/?page_id=75","og_locale":"fi_FI","og_type":"article","og_title":"Lis\u00e4tietoja - Pelastusalan Sairauskassa","og_description":"Pelastusalan sairauskassa(entinen Palohenkil\u00f6st\u00f6n sairauskassa) Pelastusalan sairauskassa korvaa j\u00e4senilleen sairauden hoidosta aiheutunei-ta kustannuksia. J\u00e4senyys sairauskassassa tuo taloudellista turvaa sairauden sattuessa. Etuudet ovat saajalleen verottomia.Kassa ei hoida sairausvakuutusasioita, vaan on ns t\u00e4ydennyskassa. Kassan toimintaa valvoo Finanssivalvonta. Kassa on perustettu vuonna 1958, perustajaj\u00e4seni\u00e4 oli 252. Kassa toimii j\u00e4senist\u00f6lt\u00e4\u00e4n ker\u00e4\u00e4mill\u00e4 j\u00e4senmaksuilla. KUKA VOI OLLA J\u00c4SEN KORVAUKSET J\u00c4SENMAKSU KUINKA VOI [&hellip;]","og_url":"https:\/\/www.palosairauskassa.fi\/?page_id=75","og_site_name":"Pelastusalan Sairauskassa","article_modified_time":"2024-07-01T11:23:29+00:00","twitter_card":"summary_large_image","twitter_misc":{"Arvioitu lukuaika":"2 minuuttia"},"schema":{"@context":"https:\/\/schema.org","@graph":[{"@type":"WebPage","@id":"https:\/\/www.palosairauskassa.fi\/?page_id=75","url":"https:\/\/www.palosairauskassa.fi\/?page_id=75","name":"Lis\u00e4tietoja - Pelastusalan Sairauskassa","isPartOf":{"@id":"https:\/\/www.palosairauskassa.fi\/#website"},"datePublished":"2020-09-26T03:56:10+00:00","dateModified":"2024-07-01T11:23:29+00:00","breadcrumb":{"@id":"https:\/\/www.palosairauskassa.fi\/?page_id=75#breadcrumb"},"inLanguage":"fi","potentialAction":[{"@type":"ReadAction","target":["https:\/\/www.palosairauskassa.fi\/?page_id=75"]}]},{"@type":"BreadcrumbList","@id":"https:\/\/www.palosairauskassa.fi\/?page_id=75#breadcrumb","itemListElement":[{"@type":"ListItem","position":1,"name":"Etusivu","item":"https:\/\/www.palosairauskassa.fi\/"},{"@type":"ListItem","position":2,"name":"Lis\u00e4tietoja"}]},{"@type":"WebSite","@id":"https:\/\/www.palosairauskassa.fi\/#website","url":"https:\/\/www.palosairauskassa.fi\/","name":"Pelastusalan Sairauskassa","description":"Mahdollisuus hyv\u00e4\u00e4n terveydenhoitoon","publisher":{"@id":"https:\/\/www.palosairauskassa.fi\/#organization"},"potentialAction":[{"@type":"SearchAction","target":{"@type":"EntryPoint","urlTemplate":"https:\/\/www.palosairauskassa.fi\/?s={search_term_string}"},"query-input":{"@type":"PropertyValueSpecification","valueRequired":true,"valueName":"search_term_string"}}],"inLanguage":"fi"},{"@type":"Organization","@id":"https:\/\/www.palosairauskassa.fi\/#organization","name":"Palohenkil\u00f6st\u00f6n sairauskassa","url":"https:\/\/www.palosairauskassa.fi\/","logo":{"@type":"ImageObject","inLanguage":"fi","@id":"https:\/\/www.palosairauskassa.fi\/#\/schema\/logo\/image\/","url":"http:\/\/www.palosairauskassa.fi\/wp-content\/uploads\/2020\/10\/logo.jpg","contentUrl":"http:\/\/www.palosairauskassa.fi\/wp-content\/uploads\/2020\/10\/logo.jpg","width":185,"height":141,"caption":"Palohenkil\u00f6st\u00f6n sairauskassa"},"image":{"@id":"https:\/\/www.palosairauskassa.fi\/#\/schema\/logo\/image\/"}}]}},"_links":{"self":[{"href":"https:\/\/www.palosairauskassa.fi\/index.php?rest_route=\/wp\/v2\/pages\/75","targetHints":{"allow":["GET"]}}],"collection":[{"href":"https:\/\/www.palosairauskassa.fi\/index.php?rest_route=\/wp\/v2\/pages"}],"about":[{"href":"https:\/\/www.palosairauskassa.fi\/index.php?rest_route=\/wp\/v2\/types\/page"}],"author":[{"embeddable":true,"href":"https:\/\/www.palosairauskassa.fi\/index.php?rest_route=\/wp\/v2\/users\/1"}],"replies":[{"embeddable":true,"href":"https:\/\/www.palosairauskassa.fi\/index.php?rest_route=%2Fwp%2Fv2%2Fcomments&post=75"}],"version-history":[{"count":9,"href":"https:\/\/www.palosairauskassa.fi\/index.php?rest_route=\/wp\/v2\/pages\/75\/revisions"}],"predecessor-version":[{"id":172,"href":"https:\/\/www.palosairauskassa.fi\/index.php?rest_route=\/wp\/v2\/pages\/75\/revisions\/172"}],"wp:attachment":[{"href":"https:\/\/www.palosairauskassa.fi\/index.php?rest_route=%2Fwp%2Fv2%2Fmedia&parent=75"}],"curies":[{"name":"wp","href":"https:\/\/api.w.org\/{rel}","templated":true}]}}