{"id":83,"date":"2020-09-26T07:08:22","date_gmt":"2020-09-26T04:08:22","guid":{"rendered":"http:\/\/www.palosairauskassa.fi\/?page_id=83"},"modified":"2025-08-28T08:13:10","modified_gmt":"2025-08-28T05:13:10","slug":"yhteystiedot","status":"publish","type":"page","link":"https:\/\/www.palosairauskassa.fi\/?page_id=83","title":{"rendered":"Yhteystiedot"},"content":{"rendered":"\n<p><strong>Kontaktit<\/strong><br>Anne Mauno<\/p>\n\n\n\n<p><strong>Puhelin<\/strong><br>040 585 1634<\/p>\n\n\n\n<p><strong>Osoite<\/strong><br>Pelastusalan sairauskassa<br>Temppelikatu 10 A<br>11100 Riihim\u00e4ki<\/p>\n\n\n\n<p><strong>S\u00e4hk\u00f6posti<\/strong><br>palosairauskassa@aarnio.fi<\/p>\n\n\n\n<p>Palvelemme&nbsp;puhelimitse ja s\u00e4hk\u00f6postilla, henkil\u00f6kohtaiseen palveluun ei tietoturvasyist\u00e4 ole mahdollisuutta.<\/p>\n\n\n\n<p><\/p>\n\n\n\n<p><br><\/p>\n","protected":false},"excerpt":{"rendered":"<p>KontaktitAnne Mauno Puhelin040 585 1634 OsoitePelastusalan sairauskassaTemppelikatu 10 A11100 Riihim\u00e4ki S\u00e4hk\u00f6postipalosairauskassa@aarnio.fi Palvelemme&nbsp;puhelimitse ja s\u00e4hk\u00f6postilla, henkil\u00f6kohtaiseen palveluun ei tietoturvasyist\u00e4 ole mahdollisuutta.<\/p>\n","protected":false},"author":1,"featured_media":0,"parent":0,"menu_order":0,"comment_status":"closed","ping_status":"closed","template":"","meta":{"footnotes":""},"class_list":["post-83","page","type-page","status-publish","hentry"],"yoast_head":"<!-- This site is optimized with the Yoast SEO plugin v27.5 - https:\/\/yoast.com\/product\/yoast-seo-wordpress\/ -->\n<title>Yhteystiedot - Pelastusalan Sairauskassa<\/title>\n<meta name=\"robots\" content=\"index, follow, max-snippet:-1, max-image-preview:large, max-video-preview:-1\" \/>\n<link rel=\"canonical\" href=\"https:\/\/www.palosairauskassa.fi\/?page_id=83\" \/>\n<meta property=\"og:locale\" content=\"fi_FI\" \/>\n<meta property=\"og:type\" content=\"article\" \/>\n<meta property=\"og:title\" content=\"Yhteystiedot - Pelastusalan Sairauskassa\" \/>\n<meta property=\"og:description\" content=\"KontaktitAnne Mauno Puhelin040 585 1634 OsoitePelastusalan sairauskassaTemppelikatu 10 A11100 Riihim\u00e4ki S\u00e4hk\u00f6postipalosairauskassa@aarnio.fi Palvelemme&nbsp;puhelimitse ja s\u00e4hk\u00f6postilla, henkil\u00f6kohtaiseen palveluun ei tietoturvasyist\u00e4 ole mahdollisuutta.\" \/>\n<meta property=\"og:url\" content=\"https:\/\/www.palosairauskassa.fi\/?page_id=83\" \/>\n<meta property=\"og:site_name\" content=\"Pelastusalan Sairauskassa\" \/>\n<meta property=\"article:modified_time\" content=\"2025-08-28T05:13:10+00:00\" \/>\n<meta name=\"twitter:card\" content=\"summary_large_image\" \/>\n<meta name=\"twitter:label1\" content=\"Arvioitu lukuaika\" \/>\n\t<meta name=\"twitter:data1\" content=\"1 minuutti\" \/>\n<script type=\"application\/ld+json\" class=\"yoast-schema-graph\">{\"@context\":\"https:\\\/\\\/schema.org\",\"@graph\":[{\"@type\":\"WebPage\",\"@id\":\"https:\\\/\\\/www.palosairauskassa.fi\\\/?page_id=83\",\"url\":\"https:\\\/\\\/www.palosairauskassa.fi\\\/?page_id=83\",\"name\":\"Yhteystiedot - Pelastusalan Sairauskassa\",\"isPartOf\":{\"@id\":\"https:\\\/\\\/www.palosairauskassa.fi\\\/#website\"},\"datePublished\":\"2020-09-26T04:08:22+00:00\",\"dateModified\":\"2025-08-28T05:13:10+00:00\",\"breadcrumb\":{\"@id\":\"https:\\\/\\\/www.palosairauskassa.fi\\\/?page_id=83#breadcrumb\"},\"inLanguage\":\"fi\",\"potentialAction\":[{\"@type\":\"ReadAction\",\"target\":[\"https:\\\/\\\/www.palosairauskassa.fi\\\/?page_id=83\"]}]},{\"@type\":\"BreadcrumbList\",\"@id\":\"https:\\\/\\\/www.palosairauskassa.fi\\\/?page_id=83#breadcrumb\",\"itemListElement\":[{\"@type\":\"ListItem\",\"position\":1,\"name\":\"Etusivu\",\"item\":\"https:\\\/\\\/www.palosairauskassa.fi\\\/\"},{\"@type\":\"ListItem\",\"position\":2,\"name\":\"Yhteystiedot\"}]},{\"@type\":\"WebSite\",\"@id\":\"https:\\\/\\\/www.palosairauskassa.fi\\\/#website\",\"url\":\"https:\\\/\\\/www.palosairauskassa.fi\\\/\",\"name\":\"Pelastusalan Sairauskassa\",\"description\":\"Mahdollisuus hyv\u00e4\u00e4n terveydenhoitoon\",\"publisher\":{\"@id\":\"https:\\\/\\\/www.palosairauskassa.fi\\\/#organization\"},\"potentialAction\":[{\"@type\":\"SearchAction\",\"target\":{\"@type\":\"EntryPoint\",\"urlTemplate\":\"https:\\\/\\\/www.palosairauskassa.fi\\\/?s={search_term_string}\"},\"query-input\":{\"@type\":\"PropertyValueSpecification\",\"valueRequired\":true,\"valueName\":\"search_term_string\"}}],\"inLanguage\":\"fi\"},{\"@type\":\"Organization\",\"@id\":\"https:\\\/\\\/www.palosairauskassa.fi\\\/#organization\",\"name\":\"Palohenkil\u00f6st\u00f6n sairauskassa\",\"url\":\"https:\\\/\\\/www.palosairauskassa.fi\\\/\",\"logo\":{\"@type\":\"ImageObject\",\"inLanguage\":\"fi\",\"@id\":\"https:\\\/\\\/www.palosairauskassa.fi\\\/#\\\/schema\\\/logo\\\/image\\\/\",\"url\":\"http:\\\/\\\/www.palosairauskassa.fi\\\/wp-content\\\/uploads\\\/2020\\\/10\\\/logo.jpg\",\"contentUrl\":\"http:\\\/\\\/www.palosairauskassa.fi\\\/wp-content\\\/uploads\\\/2020\\\/10\\\/logo.jpg\",\"width\":185,\"height\":141,\"caption\":\"Palohenkil\u00f6st\u00f6n sairauskassa\"},\"image\":{\"@id\":\"https:\\\/\\\/www.palosairauskassa.fi\\\/#\\\/schema\\\/logo\\\/image\\\/\"}}]}<\/script>\n<!-- \/ Yoast SEO plugin. -->","yoast_head_json":{"title":"Yhteystiedot - Pelastusalan Sairauskassa","robots":{"index":"index","follow":"follow","max-snippet":"max-snippet:-1","max-image-preview":"max-image-preview:large","max-video-preview":"max-video-preview:-1"},"canonical":"https:\/\/www.palosairauskassa.fi\/?page_id=83","og_locale":"fi_FI","og_type":"article","og_title":"Yhteystiedot - Pelastusalan Sairauskassa","og_description":"KontaktitAnne Mauno Puhelin040 585 1634 OsoitePelastusalan sairauskassaTemppelikatu 10 A11100 Riihim\u00e4ki S\u00e4hk\u00f6postipalosairauskassa@aarnio.fi Palvelemme&nbsp;puhelimitse ja s\u00e4hk\u00f6postilla, henkil\u00f6kohtaiseen palveluun ei tietoturvasyist\u00e4 ole mahdollisuutta.","og_url":"https:\/\/www.palosairauskassa.fi\/?page_id=83","og_site_name":"Pelastusalan Sairauskassa","article_modified_time":"2025-08-28T05:13:10+00:00","twitter_card":"summary_large_image","twitter_misc":{"Arvioitu lukuaika":"1 minuutti"},"schema":{"@context":"https:\/\/schema.org","@graph":[{"@type":"WebPage","@id":"https:\/\/www.palosairauskassa.fi\/?page_id=83","url":"https:\/\/www.palosairauskassa.fi\/?page_id=83","name":"Yhteystiedot - Pelastusalan Sairauskassa","isPartOf":{"@id":"https:\/\/www.palosairauskassa.fi\/#website"},"datePublished":"2020-09-26T04:08:22+00:00","dateModified":"2025-08-28T05:13:10+00:00","breadcrumb":{"@id":"https:\/\/www.palosairauskassa.fi\/?page_id=83#breadcrumb"},"inLanguage":"fi","potentialAction":[{"@type":"ReadAction","target":["https:\/\/www.palosairauskassa.fi\/?page_id=83"]}]},{"@type":"BreadcrumbList","@id":"https:\/\/www.palosairauskassa.fi\/?page_id=83#breadcrumb","itemListElement":[{"@type":"ListItem","position":1,"name":"Etusivu","item":"https:\/\/www.palosairauskassa.fi\/"},{"@type":"ListItem","position":2,"name":"Yhteystiedot"}]},{"@type":"WebSite","@id":"https:\/\/www.palosairauskassa.fi\/#website","url":"https:\/\/www.palosairauskassa.fi\/","name":"Pelastusalan Sairauskassa","description":"Mahdollisuus hyv\u00e4\u00e4n terveydenhoitoon","publisher":{"@id":"https:\/\/www.palosairauskassa.fi\/#organization"},"potentialAction":[{"@type":"SearchAction","target":{"@type":"EntryPoint","urlTemplate":"https:\/\/www.palosairauskassa.fi\/?s={search_term_string}"},"query-input":{"@type":"PropertyValueSpecification","valueRequired":true,"valueName":"search_term_string"}}],"inLanguage":"fi"},{"@type":"Organization","@id":"https:\/\/www.palosairauskassa.fi\/#organization","name":"Palohenkil\u00f6st\u00f6n sairauskassa","url":"https:\/\/www.palosairauskassa.fi\/","logo":{"@type":"ImageObject","inLanguage":"fi","@id":"https:\/\/www.palosairauskassa.fi\/#\/schema\/logo\/image\/","url":"http:\/\/www.palosairauskassa.fi\/wp-content\/uploads\/2020\/10\/logo.jpg","contentUrl":"http:\/\/www.palosairauskassa.fi\/wp-content\/uploads\/2020\/10\/logo.jpg","width":185,"height":141,"caption":"Palohenkil\u00f6st\u00f6n sairauskassa"},"image":{"@id":"https:\/\/www.palosairauskassa.fi\/#\/schema\/logo\/image\/"}}]}},"_links":{"self":[{"href":"https:\/\/www.palosairauskassa.fi\/index.php?rest_route=\/wp\/v2\/pages\/83","targetHints":{"allow":["GET"]}}],"collection":[{"href":"https:\/\/www.palosairauskassa.fi\/index.php?rest_route=\/wp\/v2\/pages"}],"about":[{"href":"https:\/\/www.palosairauskassa.fi\/index.php?rest_route=\/wp\/v2\/types\/page"}],"author":[{"embeddable":true,"href":"https:\/\/www.palosairauskassa.fi\/index.php?rest_route=\/wp\/v2\/users\/1"}],"replies":[{"embeddable":true,"href":"https:\/\/www.palosairauskassa.fi\/index.php?rest_route=%2Fwp%2Fv2%2Fcomments&post=83"}],"version-history":[{"count":12,"href":"https:\/\/www.palosairauskassa.fi\/index.php?rest_route=\/wp\/v2\/pages\/83\/revisions"}],"predecessor-version":[{"id":195,"href":"https:\/\/www.palosairauskassa.fi\/index.php?rest_route=\/wp\/v2\/pages\/83\/revisions\/195"}],"wp:attachment":[{"href":"https:\/\/www.palosairauskassa.fi\/index.php?rest_route=%2Fwp%2Fv2%2Fmedia&parent=83"}],"curies":[{"name":"wp","href":"https:\/\/api.w.org\/{rel}","templated":true}]}}