{"id":9,"date":"2020-09-26T03:52:52","date_gmt":"2020-09-26T00:52:52","guid":{"rendered":"http:\/\/www.palosairauskassa.fi\/wordpress\/?page_id=9"},"modified":"2025-09-18T11:30:18","modified_gmt":"2025-09-18T08:30:18","slug":"korvaushakemus","status":"publish","type":"page","link":"https:\/\/www.palosairauskassa.fi\/?page_id=9","title":{"rendered":"Korvaushakemus"},"content":{"rendered":"\n<p>Voit tulostaa alla olevasta linkist\u00e4 korvaushakemuslomakkeen.<br>T\u00e4yt\u00e4 lomakkeen tiedot ja l\u00e4het\u00e4 se sairauskassalle liitteineen kirjekuoressa.<\/p>\n\n\n\n<p><strong>PELASTUSALAN SAIRAUSKASSA<br>Temppelikatu 10 A<br>11100 Riihim\u00e4ki <br>palosairauskassa[at]aarnio.fi<\/strong><\/p>\n\n\n\n<p>Korvaushakemuksen voi l\u00e4hett\u00e4\u00e4 my\u00f6s s\u00e4hk\u00f6postilla, kuitit kuvana tai skannattuna. Alkuper\u00e4iset kuitit pit\u00e4\u00e4 s\u00e4ilytt\u00e4\u00e4 kuluvan kalenterivuoden sek\u00e4 seuraavan vuoden toukokuun loppuun asti. Alkuper\u00e4iset kuitit on toimitettava sairauskassaan pyydett\u00e4ess\u00e4. S\u00e4hk\u00f6postilla l\u00e4hett\u00e4vien henkil\u00f6iden tulee t\u00e4ytt\u00e4\u00e4 oheinen lomake s\u00e4hk\u00f6postil\u00e4hetysten aloittamisen yhteydess\u00e4.<\/p>\n\n\n\n<p><a href=\"https:\/\/www.palosairauskassa.fi\/wp-content\/uploads\/2024\/07\/Pelastusalan_Sairauskassan-sahkoisten_korvaushakemusten_toimittaminen.pdf\">S\u00e4hk\u00f6postisaate<\/a> (pdf) \/ <a href=\"https:\/\/www.palosairauskassa.fi\/wp-content\/uploads\/2024\/07\/Pelastusalan_Sairauskassan-sahkoisten_korvaushakemusten_toimittaminen.docx\">S\u00e4hk\u00f6postisaate <\/a>(Word)<\/p>\n\n\n\n<p><small>KORVAUSTA ON HAETTAVA<strong>\u00a0KUUDEN KUUKAUDEN <\/strong>KULUESSA\u00a0SIIT\u00c4, KUN \u00a0MAKSU, JOSTA ETUUTTA HAETAAN, ON SUORITETTU.<br><\/small><br><a href=\"https:\/\/www.palosairauskassa.fi\/wp-content\/uploads\/2025\/09\/Pelastusalan_Sairauskassa-Korvaushakemus.pdf\">Korvaushakemus<\/a> (pdf) \/ <a href=\"https:\/\/www.palosairauskassa.fi\/wp-content\/uploads\/2025\/09\/Pelastusalan_Sairauskassa-Korvaushakemus.docx\">Korvaushakemus <\/a>(Word)<\/p>\n\n\n\n<p>Tarvitset lomakkeen katsomiseen Acrobat Reader- ohjelman, jonka voit ladata ilmaiseksi&nbsp;<a href=\"https:\/\/get.adobe.com\/reader\/\">t\u00e4st\u00e4<\/a>.<\/p>\n\n\n\n<p><\/p>\n","protected":false},"excerpt":{"rendered":"<p>Voit tulostaa alla olevasta linkist\u00e4 korvaushakemuslomakkeen.T\u00e4yt\u00e4 lomakkeen tiedot ja l\u00e4het\u00e4 se sairauskassalle liitteineen kirjekuoressa. PELASTUSALAN SAIRAUSKASSATemppelikatu 10 A11100 Riihim\u00e4ki palosairauskassa[at]aarnio.fi Korvaushakemuksen voi l\u00e4hett\u00e4\u00e4 my\u00f6s s\u00e4hk\u00f6postilla, kuitit kuvana tai skannattuna. Alkuper\u00e4iset kuitit pit\u00e4\u00e4 s\u00e4ilytt\u00e4\u00e4 kuluvan kalenterivuoden sek\u00e4 seuraavan vuoden toukokuun loppuun asti. Alkuper\u00e4iset kuitit on toimitettava sairauskassaan pyydett\u00e4ess\u00e4. S\u00e4hk\u00f6postilla l\u00e4hett\u00e4vien henkil\u00f6iden tulee t\u00e4ytt\u00e4\u00e4 oheinen lomake s\u00e4hk\u00f6postil\u00e4hetysten [&hellip;]<\/p>\n","protected":false},"author":1,"featured_media":0,"parent":0,"menu_order":0,"comment_status":"closed","ping_status":"closed","template":"","meta":{"footnotes":""},"class_list":["post-9","page","type-page","status-publish","hentry"],"yoast_head":"<!-- This site is optimized with the Yoast SEO plugin v27.5 - https:\/\/yoast.com\/product\/yoast-seo-wordpress\/ -->\n<title>Korvaushakemus - Pelastusalan Sairauskassa<\/title>\n<meta name=\"robots\" content=\"index, follow, max-snippet:-1, max-image-preview:large, max-video-preview:-1\" \/>\n<link rel=\"canonical\" href=\"https:\/\/www.palosairauskassa.fi\/?page_id=9\" \/>\n<meta property=\"og:locale\" content=\"fi_FI\" \/>\n<meta property=\"og:type\" content=\"article\" \/>\n<meta property=\"og:title\" content=\"Korvaushakemus - Pelastusalan Sairauskassa\" \/>\n<meta property=\"og:description\" content=\"Voit tulostaa alla olevasta linkist\u00e4 korvaushakemuslomakkeen.T\u00e4yt\u00e4 lomakkeen tiedot ja l\u00e4het\u00e4 se sairauskassalle liitteineen kirjekuoressa. PELASTUSALAN SAIRAUSKASSATemppelikatu 10 A11100 Riihim\u00e4ki palosairauskassa[at]aarnio.fi Korvaushakemuksen voi l\u00e4hett\u00e4\u00e4 my\u00f6s s\u00e4hk\u00f6postilla, kuitit kuvana tai skannattuna. Alkuper\u00e4iset kuitit pit\u00e4\u00e4 s\u00e4ilytt\u00e4\u00e4 kuluvan kalenterivuoden sek\u00e4 seuraavan vuoden toukokuun loppuun asti. Alkuper\u00e4iset kuitit on toimitettava sairauskassaan pyydett\u00e4ess\u00e4. S\u00e4hk\u00f6postilla l\u00e4hett\u00e4vien henkil\u00f6iden tulee t\u00e4ytt\u00e4\u00e4 oheinen lomake s\u00e4hk\u00f6postil\u00e4hetysten [&hellip;]\" \/>\n<meta property=\"og:url\" content=\"https:\/\/www.palosairauskassa.fi\/?page_id=9\" \/>\n<meta property=\"og:site_name\" content=\"Pelastusalan Sairauskassa\" \/>\n<meta property=\"article:modified_time\" content=\"2025-09-18T08:30:18+00:00\" \/>\n<meta name=\"twitter:card\" content=\"summary_large_image\" \/>\n<meta name=\"twitter:label1\" content=\"Arvioitu lukuaika\" \/>\n\t<meta name=\"twitter:data1\" content=\"1 minuutti\" \/>\n<script type=\"application\/ld+json\" class=\"yoast-schema-graph\">{\"@context\":\"https:\\\/\\\/schema.org\",\"@graph\":[{\"@type\":\"WebPage\",\"@id\":\"https:\\\/\\\/www.palosairauskassa.fi\\\/?page_id=9\",\"url\":\"https:\\\/\\\/www.palosairauskassa.fi\\\/?page_id=9\",\"name\":\"Korvaushakemus - Pelastusalan Sairauskassa\",\"isPartOf\":{\"@id\":\"https:\\\/\\\/www.palosairauskassa.fi\\\/#website\"},\"datePublished\":\"2020-09-26T00:52:52+00:00\",\"dateModified\":\"2025-09-18T08:30:18+00:00\",\"breadcrumb\":{\"@id\":\"https:\\\/\\\/www.palosairauskassa.fi\\\/?page_id=9#breadcrumb\"},\"inLanguage\":\"fi\",\"potentialAction\":[{\"@type\":\"ReadAction\",\"target\":[\"https:\\\/\\\/www.palosairauskassa.fi\\\/?page_id=9\"]}]},{\"@type\":\"BreadcrumbList\",\"@id\":\"https:\\\/\\\/www.palosairauskassa.fi\\\/?page_id=9#breadcrumb\",\"itemListElement\":[{\"@type\":\"ListItem\",\"position\":1,\"name\":\"Etusivu\",\"item\":\"https:\\\/\\\/www.palosairauskassa.fi\\\/\"},{\"@type\":\"ListItem\",\"position\":2,\"name\":\"Korvaushakemus\"}]},{\"@type\":\"WebSite\",\"@id\":\"https:\\\/\\\/www.palosairauskassa.fi\\\/#website\",\"url\":\"https:\\\/\\\/www.palosairauskassa.fi\\\/\",\"name\":\"Pelastusalan Sairauskassa\",\"description\":\"Mahdollisuus hyv\u00e4\u00e4n terveydenhoitoon\",\"publisher\":{\"@id\":\"https:\\\/\\\/www.palosairauskassa.fi\\\/#organization\"},\"potentialAction\":[{\"@type\":\"SearchAction\",\"target\":{\"@type\":\"EntryPoint\",\"urlTemplate\":\"https:\\\/\\\/www.palosairauskassa.fi\\\/?s={search_term_string}\"},\"query-input\":{\"@type\":\"PropertyValueSpecification\",\"valueRequired\":true,\"valueName\":\"search_term_string\"}}],\"inLanguage\":\"fi\"},{\"@type\":\"Organization\",\"@id\":\"https:\\\/\\\/www.palosairauskassa.fi\\\/#organization\",\"name\":\"Palohenkil\u00f6st\u00f6n sairauskassa\",\"url\":\"https:\\\/\\\/www.palosairauskassa.fi\\\/\",\"logo\":{\"@type\":\"ImageObject\",\"inLanguage\":\"fi\",\"@id\":\"https:\\\/\\\/www.palosairauskassa.fi\\\/#\\\/schema\\\/logo\\\/image\\\/\",\"url\":\"http:\\\/\\\/www.palosairauskassa.fi\\\/wp-content\\\/uploads\\\/2020\\\/10\\\/logo.jpg\",\"contentUrl\":\"http:\\\/\\\/www.palosairauskassa.fi\\\/wp-content\\\/uploads\\\/2020\\\/10\\\/logo.jpg\",\"width\":185,\"height\":141,\"caption\":\"Palohenkil\u00f6st\u00f6n sairauskassa\"},\"image\":{\"@id\":\"https:\\\/\\\/www.palosairauskassa.fi\\\/#\\\/schema\\\/logo\\\/image\\\/\"}}]}<\/script>\n<!-- \/ Yoast SEO plugin. -->","yoast_head_json":{"title":"Korvaushakemus - Pelastusalan Sairauskassa","robots":{"index":"index","follow":"follow","max-snippet":"max-snippet:-1","max-image-preview":"max-image-preview:large","max-video-preview":"max-video-preview:-1"},"canonical":"https:\/\/www.palosairauskassa.fi\/?page_id=9","og_locale":"fi_FI","og_type":"article","og_title":"Korvaushakemus - Pelastusalan Sairauskassa","og_description":"Voit tulostaa alla olevasta linkist\u00e4 korvaushakemuslomakkeen.T\u00e4yt\u00e4 lomakkeen tiedot ja l\u00e4het\u00e4 se sairauskassalle liitteineen kirjekuoressa. PELASTUSALAN SAIRAUSKASSATemppelikatu 10 A11100 Riihim\u00e4ki palosairauskassa[at]aarnio.fi Korvaushakemuksen voi l\u00e4hett\u00e4\u00e4 my\u00f6s s\u00e4hk\u00f6postilla, kuitit kuvana tai skannattuna. Alkuper\u00e4iset kuitit pit\u00e4\u00e4 s\u00e4ilytt\u00e4\u00e4 kuluvan kalenterivuoden sek\u00e4 seuraavan vuoden toukokuun loppuun asti. Alkuper\u00e4iset kuitit on toimitettava sairauskassaan pyydett\u00e4ess\u00e4. S\u00e4hk\u00f6postilla l\u00e4hett\u00e4vien henkil\u00f6iden tulee t\u00e4ytt\u00e4\u00e4 oheinen lomake s\u00e4hk\u00f6postil\u00e4hetysten [&hellip;]","og_url":"https:\/\/www.palosairauskassa.fi\/?page_id=9","og_site_name":"Pelastusalan Sairauskassa","article_modified_time":"2025-09-18T08:30:18+00:00","twitter_card":"summary_large_image","twitter_misc":{"Arvioitu lukuaika":"1 minuutti"},"schema":{"@context":"https:\/\/schema.org","@graph":[{"@type":"WebPage","@id":"https:\/\/www.palosairauskassa.fi\/?page_id=9","url":"https:\/\/www.palosairauskassa.fi\/?page_id=9","name":"Korvaushakemus - Pelastusalan Sairauskassa","isPartOf":{"@id":"https:\/\/www.palosairauskassa.fi\/#website"},"datePublished":"2020-09-26T00:52:52+00:00","dateModified":"2025-09-18T08:30:18+00:00","breadcrumb":{"@id":"https:\/\/www.palosairauskassa.fi\/?page_id=9#breadcrumb"},"inLanguage":"fi","potentialAction":[{"@type":"ReadAction","target":["https:\/\/www.palosairauskassa.fi\/?page_id=9"]}]},{"@type":"BreadcrumbList","@id":"https:\/\/www.palosairauskassa.fi\/?page_id=9#breadcrumb","itemListElement":[{"@type":"ListItem","position":1,"name":"Etusivu","item":"https:\/\/www.palosairauskassa.fi\/"},{"@type":"ListItem","position":2,"name":"Korvaushakemus"}]},{"@type":"WebSite","@id":"https:\/\/www.palosairauskassa.fi\/#website","url":"https:\/\/www.palosairauskassa.fi\/","name":"Pelastusalan Sairauskassa","description":"Mahdollisuus hyv\u00e4\u00e4n terveydenhoitoon","publisher":{"@id":"https:\/\/www.palosairauskassa.fi\/#organization"},"potentialAction":[{"@type":"SearchAction","target":{"@type":"EntryPoint","urlTemplate":"https:\/\/www.palosairauskassa.fi\/?s={search_term_string}"},"query-input":{"@type":"PropertyValueSpecification","valueRequired":true,"valueName":"search_term_string"}}],"inLanguage":"fi"},{"@type":"Organization","@id":"https:\/\/www.palosairauskassa.fi\/#organization","name":"Palohenkil\u00f6st\u00f6n sairauskassa","url":"https:\/\/www.palosairauskassa.fi\/","logo":{"@type":"ImageObject","inLanguage":"fi","@id":"https:\/\/www.palosairauskassa.fi\/#\/schema\/logo\/image\/","url":"http:\/\/www.palosairauskassa.fi\/wp-content\/uploads\/2020\/10\/logo.jpg","contentUrl":"http:\/\/www.palosairauskassa.fi\/wp-content\/uploads\/2020\/10\/logo.jpg","width":185,"height":141,"caption":"Palohenkil\u00f6st\u00f6n sairauskassa"},"image":{"@id":"https:\/\/www.palosairauskassa.fi\/#\/schema\/logo\/image\/"}}]}},"_links":{"self":[{"href":"https:\/\/www.palosairauskassa.fi\/index.php?rest_route=\/wp\/v2\/pages\/9","targetHints":{"allow":["GET"]}}],"collection":[{"href":"https:\/\/www.palosairauskassa.fi\/index.php?rest_route=\/wp\/v2\/pages"}],"about":[{"href":"https:\/\/www.palosairauskassa.fi\/index.php?rest_route=\/wp\/v2\/types\/page"}],"author":[{"embeddable":true,"href":"https:\/\/www.palosairauskassa.fi\/index.php?rest_route=\/wp\/v2\/users\/1"}],"replies":[{"embeddable":true,"href":"https:\/\/www.palosairauskassa.fi\/index.php?rest_route=%2Fwp%2Fv2%2Fcomments&post=9"}],"version-history":[{"count":12,"href":"https:\/\/www.palosairauskassa.fi\/index.php?rest_route=\/wp\/v2\/pages\/9\/revisions"}],"predecessor-version":[{"id":203,"href":"https:\/\/www.palosairauskassa.fi\/index.php?rest_route=\/wp\/v2\/pages\/9\/revisions\/203"}],"wp:attachment":[{"href":"https:\/\/www.palosairauskassa.fi\/index.php?rest_route=%2Fwp%2Fv2%2Fmedia&parent=9"}],"curies":[{"name":"wp","href":"https:\/\/api.w.org\/{rel}","templated":true}]}}